{"id":1249,"date":"2025-06-01T15:27:05","date_gmt":"2025-06-01T13:27:05","guid":{"rendered":"https:\/\/ergoproduit.com\/?page_id=1249"},"modified":"2025-06-01T15:31:12","modified_gmt":"2025-06-01T13:31:12","slug":"politiques-de-confidentialites","status":"publish","type":"page","link":"https:\/\/ergoproduit.com\/?page_id=1249","title":{"rendered":"Politiques de confidentialit\u00e9s"},"content":{"rendered":"\t\t<div data-elementor-type=\"wp-page\" data-elementor-id=\"1249\" class=\"elementor elementor-1249\" data-elementor-post-type=\"page\">\n\t\t\t\t<div class=\"elementor-element elementor-element-16887c20 e-flex e-con-boxed e-con e-parent\" data-id=\"16887c20\" data-element_type=\"container\" data-e-type=\"container\" data-settings=\"{&quot;background_background&quot;:&quot;classic&quot;}\">\n\t\t\t\t\t<div class=\"e-con-inner\">\n\t\t<div class=\"elementor-element elementor-element-43901b61 e-con-full e-flex e-con e-child\" data-id=\"43901b61\" data-element_type=\"container\" data-e-type=\"container\">\n\t\t<div class=\"elementor-element elementor-element-502e05e1 e-con-full e-flex e-con e-child\" data-id=\"502e05e1\" data-element_type=\"container\" data-e-type=\"container\">\n\t\t<div class=\"elementor-element elementor-element-17d74553 e-con-full e-flex e-con e-child\" data-id=\"17d74553\" data-element_type=\"container\" data-e-type=\"container\">\n\t\t\t\t<div class=\"elementor-element elementor-element-566df0c9 elementor-invisible elementor-widget elementor-widget-heading\" data-id=\"566df0c9\" data-element_type=\"widget\" data-e-type=\"widget\" data-settings=\"{&quot;_animation&quot;:&quot;fadeInDown&quot;}\" data-widget_type=\"heading.default\">\n\t\t\t\t<div class=\"elementor-widget-container\">\n\t\t\t\t\t<h1 class=\"elementor-heading-title elementor-size-default\">\nPolitique de confidentialit\u00e9\n<\/h1>\t\t\t\t<\/div>\n\t\t\t\t<\/div>\n\t\t\t\t<div class=\"elementor-element elementor-element-58f5ae09 elementor-widget-divider--view-line elementor-widget elementor-widget-divider\" data-id=\"58f5ae09\" data-element_type=\"widget\" data-e-type=\"widget\" data-widget_type=\"divider.default\">\n\t\t\t\t<div class=\"elementor-widget-container\">\n\t\t\t\t\t\t\t<div class=\"elementor-divider\">\n\t\t\t<span class=\"elementor-divider-separator\">\n\t\t\t\t\t\t<\/span>\n\t\t<\/div>\n\t\t\t\t\t\t<\/div>\n\t\t\t\t<\/div>\n\t\t\t\t<div class=\"elementor-element elementor-element-4139123e elementor-icon-list--layout-inline elementor-align-start elementor-list-item-link-full_width elementor-invisible elementor-widget elementor-widget-icon-list\" data-id=\"4139123e\" data-element_type=\"widget\" data-e-type=\"widget\" data-settings=\"{&quot;_animation&quot;:&quot;fadeInRight&quot;}\" data-widget_type=\"icon-list.default\">\n\t\t\t\t<div class=\"elementor-widget-container\">\n\t\t\t\t\t\t\t<ul class=\"elementor-icon-list-items elementor-inline-items\">\n\t\t\t\t\t\t\t<li class=\"elementor-icon-list-item elementor-inline-item\">\n\t\t\t\t\t\t\t\t\t\t\t<a href=\"https:\/\/ergoproduit.com\">\n\n\t\t\t\t\t\t\t\t\t\t\t<span class=\"elementor-icon-list-text\">Accueil<\/span>\n\t\t\t\t\t\t\t\t\t\t\t<\/a>\n\t\t\t\t\t\t\t\t\t<\/li>\n\t\t\t\t\t\t\t\t<li class=\"elementor-icon-list-item elementor-inline-item\">\n\t\t\t\t\t\t\t\t\t\t\t<a href=\"#\">\n\n\t\t\t\t\t\t\t\t\t\t\t\t<span class=\"elementor-icon-list-icon\">\n\t\t\t\t\t\t\t<i aria-hidden=\"true\" class=\"mdi mdi-slash-forward\"><\/i>\t\t\t\t\t\t<\/span>\n\t\t\t\t\t\t\t\t\t\t<span class=\"elementor-icon-list-text\"> Politique de confidentialit\u00e9<\/span>\n\t\t\t\t\t\t\t\t\t\t\t<\/a>\n\t\t\t\t\t\t\t\t\t<\/li>\n\t\t\t\t\t\t<\/ul>\n\t\t\t\t\t\t<\/div>\n\t\t\t\t<\/div>\n\t\t\t\t<\/div>\n\t\t\t\t<\/div>\n\t\t\t\t<\/div>\n\t\t\t\t\t<\/div>\n\t\t\t\t<\/div>\n\t\t<div class=\"elementor-element elementor-element-1663a8d8 e-flex e-con-boxed e-con e-parent\" data-id=\"1663a8d8\" data-element_type=\"container\" data-e-type=\"container\">\n\t\t\t\t\t<div class=\"e-con-inner\">\n\t\t<div class=\"elementor-element elementor-element-6b76de69 e-con-full e-flex e-con e-child\" data-id=\"6b76de69\" data-element_type=\"container\" data-e-type=\"container\">\n\t\t\t\t<div class=\"elementor-element elementor-element-7ed14d66 elementor-widget elementor-widget-heading\" data-id=\"7ed14d66\" data-element_type=\"widget\" data-e-type=\"widget\" data-widget_type=\"heading.default\">\n\t\t\t\t<div class=\"elementor-widget-container\">\n\t\t\t\t\t<h2 class=\"elementor-heading-title elementor-size-default\">\nPolitique de confidentialit\u00e9\n<\/h2>\t\t\t\t<\/div>\n\t\t\t\t<\/div>\n\t\t\t\t<div class=\"elementor-element elementor-element-1a960405 elementor-widget-divider--view-line elementor-widget elementor-widget-divider\" data-id=\"1a960405\" data-element_type=\"widget\" data-e-type=\"widget\" data-widget_type=\"divider.default\">\n\t\t\t\t<div class=\"elementor-widget-container\">\n\t\t\t\t\t\t\t<div class=\"elementor-divider\">\n\t\t\t<span class=\"elementor-divider-separator\">\n\t\t\t\t\t\t<\/span>\n\t\t<\/div>\n\t\t\t\t\t\t<\/div>\n\t\t\t\t<\/div>\n\t\t\t\t<div class=\"elementor-element elementor-element-7044d9e3 elementor-widget elementor-widget-text-editor\" data-id=\"7044d9e3\" data-element_type=\"widget\" data-e-type=\"widget\" data-widget_type=\"text-editor.default\">\n\t\t\t\t<div class=\"elementor-widget-container\">\n\t\t\t\t\t\t\t\t\t<h3 class=\"\" data-start=\"233\" data-end=\"249\">Introduction<\/h3><p class=\"\" data-start=\"251\" data-end=\"629\"><strong data-start=\"251\" data-end=\"271\">Food Compta SRL<\/strong> (ci-apr\u00e8s \u00ab nous \u00bb, \u00ab notre \u00bb ou \u00ab nos \u00bb) attache une grande importance \u00e0 la protection de votre vie priv\u00e9e.<br data-start=\"380\" data-end=\"383\" \/>La pr\u00e9sente politique de confidentialit\u00e9 vous informe sur la mani\u00e8re dont nous collectons, utilisons et prot\u00e9geons vos donn\u00e9es personnelles lorsque vous visitez notre site <a class=\"\" href=\"https:\/\/www.connectandco.be\" target=\"_new\" rel=\"noopener\" data-start=\"555\" data-end=\"605\">www.foodcompta.be<\/a> (ci-apr\u00e8s le \u00ab Site \u00bb).<\/p><p class=\"\" data-start=\"631\" data-end=\"700\">En acc\u00e9dant au Site, vous acceptez les pratiques d\u00e9crites ci-dessous.<\/p><hr class=\"\" data-start=\"702\" data-end=\"705\" \/><h3 class=\"\" data-start=\"707\" data-end=\"742\">Donn\u00e9es personnelles collect\u00e9es<\/h3><p class=\"\" data-start=\"744\" data-end=\"810\">Nous collectons certaines informations personnelles lorsque vous :<\/p><ul data-start=\"812\" data-end=\"949\"><li class=\"\" data-start=\"812\" data-end=\"849\"><p class=\"\" data-start=\"814\" data-end=\"849\">Remplissez un formulaire de contact<\/p><\/li><li class=\"\" data-start=\"850\" data-end=\"885\"><p class=\"\" data-start=\"852\" data-end=\"885\">Vous inscrivez \u00e0 notre newsletter<\/p><\/li><li class=\"\" data-start=\"886\" data-end=\"911\"><p class=\"\" data-start=\"888\" data-end=\"911\">R\u00e9servez un rendez-vous<\/p><\/li><li class=\"\" data-start=\"912\" data-end=\"949\"><p class=\"\" data-start=\"914\" data-end=\"949\">Nous contactez par tout autre moyen<\/p><\/li><\/ul><p class=\"\" data-start=\"951\" data-end=\"1112\">Les donn\u00e9es peuvent inclure : votre nom, pr\u00e9nom, adresse e-mail, num\u00e9ro de t\u00e9l\u00e9phone, ainsi que tout autre renseignement que vous choisissez de nous transmettre.<\/p><hr class=\"\" data-start=\"1114\" data-end=\"1117\" \/><h3 class=\"\" data-start=\"1119\" data-end=\"1146\">Utilisation des donn\u00e9es<\/h3><p class=\"\" data-start=\"1148\" data-end=\"1195\">Vos donn\u00e9es sont utilis\u00e9es exclusivement pour :<\/p><ul data-start=\"1197\" data-end=\"1358\"><li class=\"\" data-start=\"1197\" data-end=\"1222\"><p class=\"\" data-start=\"1199\" data-end=\"1222\">R\u00e9pondre \u00e0 vos demandes<\/p><\/li><li class=\"\" data-start=\"1223\" data-end=\"1246\"><p class=\"\" data-start=\"1225\" data-end=\"1246\">G\u00e9rer vos rendez-vous<\/p><\/li><li class=\"\" data-start=\"1247\" data-end=\"1322\"><p class=\"\" data-start=\"1249\" data-end=\"1322\">Vous envoyer des informations ou contenus pertinents (par ex. newsletter)<\/p><\/li><li class=\"\" data-start=\"1323\" data-end=\"1358\"><p class=\"\" data-start=\"1325\" data-end=\"1358\">Respecter nos obligations l\u00e9gales<\/p><\/li><\/ul><p class=\"\" data-start=\"1360\" data-end=\"1528\"><strong data-start=\"1360\" data-end=\"1430\">Nous ne vendons, louons ou partageons vos donn\u00e9es avec aucun tiers<\/strong>, sauf si la loi l\u2019impose ou si cela est n\u00e9cessaire pour fournir un service que vous avez demand\u00e9.<\/p><hr class=\"\" data-start=\"1530\" data-end=\"1533\" \/><h3 class=\"\" data-start=\"1535\" data-end=\"1560\">Dur\u00e9e de conservation<\/h3><p class=\"\" data-start=\"1562\" data-end=\"1778\">Nous ne conservons vos donn\u00e9es que le temps n\u00e9cessaire \u00e0 la finalit\u00e9 pour laquelle elles ont \u00e9t\u00e9 collect\u00e9es, et dans le respect de la l\u00e9gislation en vigueur.<br data-start=\"1719\" data-end=\"1722\" \/>Une fois expir\u00e9es, elles sont supprim\u00e9es ou anonymis\u00e9es.<\/p><hr class=\"\" data-start=\"1780\" data-end=\"1783\" \/><h3 class=\"\" data-start=\"1785\" data-end=\"1797\">S\u00e9curit\u00e9<\/h3><p class=\"\" data-start=\"1799\" data-end=\"1973\">Nous mettons en \u0153uvre des mesures techniques et organisationnelles appropri\u00e9es pour prot\u00e9ger vos donn\u00e9es personnelles contre la perte, l&rsquo;acc\u00e8s non autoris\u00e9 ou la divulgation.<\/p><p class=\"\" data-start=\"1975\" data-end=\"2071\">Cependant, comme toute transmission sur Internet, nous ne pouvons garantir une s\u00e9curit\u00e9 absolue.<\/p><hr class=\"\" data-start=\"2073\" data-end=\"2076\" \/><h3 class=\"\" data-start=\"2078\" data-end=\"2123\">Utilisation de services Google et cookies<\/h3><p class=\"\" data-start=\"2125\" data-end=\"2310\">Nous utilisons certains services Google (ex. Google Analytics) pour mieux comprendre l\u2019utilisation de notre site. Ces services peuvent collecter des donn\u00e9es anonymis\u00e9es via des cookies.<\/p><h4 class=\"\" data-start=\"2312\" data-end=\"2330\">Vos options :<\/h4><ul data-start=\"2331\" data-end=\"2606\"><li class=\"\" data-start=\"2331\" data-end=\"2439\"><p class=\"\" data-start=\"2333\" data-end=\"2439\">Vous pouvez g\u00e9rer vos pr\u00e9f\u00e9rences cookies en cliquant sur le lien \u00ab Gestion des cookies \u00bb en pied de page.<\/p><\/li><li class=\"\" data-start=\"2440\" data-end=\"2606\"><p class=\"\" data-start=\"2442\" data-end=\"2606\">Vous pouvez \u00e9galement configurer votre navigateur pour bloquer ou supprimer les cookies.<br data-start=\"2530\" data-end=\"2533\" \/>Plus d\u2019infos : <a class=\"\" href=\"https:\/\/www.allaboutcookies.org\" target=\"_new\" rel=\"noopener\" data-start=\"2548\" data-end=\"2606\">www.allaboutcookies.org<\/a><\/p><\/li><\/ul><p class=\"\" data-start=\"2608\" data-end=\"2749\">Pour savoir comment Google utilise les donn\u00e9es personnelles :<br data-start=\"2669\" data-end=\"2672\" \/>\ud83d\udd17 <a target=\"_new\" rel=\"noopener\" data-start=\"2675\" data-end=\"2749\">Politique de confidentialit\u00e9 Google<\/a><\/p><hr class=\"\" data-start=\"2751\" data-end=\"2754\" \/><h3 class=\"\" data-start=\"2756\" data-end=\"2770\">Vos droits<\/h3><p class=\"\" data-start=\"2772\" data-end=\"2829\">Conform\u00e9ment au RGPD, vous disposez des droits suivants :<\/p><ul data-start=\"2831\" data-end=\"2976\"><li class=\"\" data-start=\"2831\" data-end=\"2865\"><p class=\"\" data-start=\"2833\" data-end=\"2865\">Acc\u00e8s \u00e0 vos donn\u00e9es personnelles<\/p><\/li><li class=\"\" data-start=\"2866\" data-end=\"2896\"><p class=\"\" data-start=\"2868\" data-end=\"2896\">Rectification ou suppression<\/p><\/li><li class=\"\" data-start=\"2897\" data-end=\"2923\"><p class=\"\" data-start=\"2899\" data-end=\"2923\">Limitation du traitement<\/p><\/li><li class=\"\" data-start=\"2924\" data-end=\"2950\"><p class=\"\" data-start=\"2926\" data-end=\"2950\">Opposition au traitement<\/p><\/li><li class=\"\" data-start=\"2951\" data-end=\"2976\"><p class=\"\" data-start=\"2953\" data-end=\"2976\">Portabilit\u00e9 des donn\u00e9es<\/p><\/li><\/ul><p class=\"\" data-start=\"2978\" data-end=\"3051\">Pour exercer vos droits, contactez-nous \u00e0 :<br data-start=\"3021\" data-end=\"3024\" \/>\ud83d\udce9 <strong data-start=\"3027\" data-end=\"3051\"><a rel=\"noopener\" data-start=\"3029\" data-end=\"3049\">foodcompta.be@gmail.com<\/a><\/strong><\/p><hr class=\"\" data-start=\"3053\" data-end=\"3056\" \/><h3 class=\"\" data-start=\"3058\" data-end=\"3075\">Modifications<\/h3><p class=\"\" data-start=\"3077\" data-end=\"3240\">Nous nous r\u00e9servons le droit de modifier cette politique \u00e0 tout moment. Toute modification sera affich\u00e9e sur cette page.<br data-start=\"3197\" data-end=\"3200\" \/>Derni\u00e8re mise \u00e0 jour : <strong data-start=\"3223\" data-end=\"3240\">30 avril 2025<\/strong><\/p><hr class=\"\" data-start=\"3242\" data-end=\"3245\" \/><h3 class=\"\" data-start=\"3247\" data-end=\"3258\">Contact<\/h3><p class=\"\" data-start=\"3260\" data-end=\"3466\">Pour toute question relative \u00e0 cette politique de confidentialit\u00e9, vous pouvez nous contacter :<br data-start=\"3355\" data-end=\"3358\" \/>\ud83d\udce7 <strong data-start=\"3361\" data-end=\"3385\"><a rel=\"noopener\" data-start=\"3363\" data-end=\"3383\">foodcompta.be@gmail.com<\/a><\/strong><br data-start=\"3385\" data-end=\"3388\" \/>\ud83d\udccd <strong data-start=\"3391\" data-end=\"3466\">Food Compta SRL \u2013 <a tabindex=\"0\" href=\"https:\/\/www.google.com\/maps\/place\/\/data=!4m2!3m1!1s0x47c3c59c58c8aabd:0xd50976b3ec28915f?sa=X&amp;ved=1t:8290&amp;ictx=111\" data-url=\"\/maps\/place\/\/data=!4m2!3m1!1s0x47c3c59c58c8aabd:0xd50976b3ec28915f?sa=X&amp;ved=2ahUKEwjZhNu1qtCNAxVjU6QEHfmSB38Q4kB6BAgFEAA\" data-sb=\"\/url?sa=t&amp;source=web&amp;rct=j&amp;opi=89978449&amp;url=\/maps\/place\/\/data%3D!4m2!3m1!1s0x47c3c59c58c8aabd:0xd50976b3ec28915f%3Fsa%3DX%26ved%3D1t:8290%26ictx%3D111&amp;ved=2ahUKEwjZhNu1qtCNAxVjU6QEHfmSB38Q4kB6BAhdEAM&amp;usg=AOvVaw2mLTYa9o7wyV-zb09lTmv2\">Av. Montjoie 253\/B, 1180 Uccle<\/a>, Belgique<\/strong><\/p><hr class=\"\" data-start=\"3468\" data-end=\"3471\" \/>\t\t\t\t\t\t\t\t<\/div>\n\t\t\t\t<\/div>\n\t\t\t\t<\/div>\n\t\t\t\t\t<\/div>\n\t\t\t\t<\/div>\n\t\t\t\t<\/div>\n\t\t","protected":false},"excerpt":{"rendered":"<p>Politique de confidentialit\u00e9 Accueil Politique de confidentialit\u00e9 Politique de confidentialit\u00e9 Introduction Food Compta SRL (ci-apr\u00e8s \u00ab nous \u00bb, \u00ab notre \u00bb ou \u00ab nos \u00bb) attache une grande importance \u00e0 la protection de votre vie priv\u00e9e.La pr\u00e9sente politique de confidentialit\u00e9 vous informe sur la mani\u00e8re dont nous collectons, utilisons et prot\u00e9geons vos donn\u00e9es personnelles lorsque [&hellip;]<\/p>\n","protected":false},"author":3,"featured_media":0,"parent":0,"menu_order":0,"comment_status":"closed","ping_status":"closed","template":"","meta":{"footnotes":""},"class_list":["post-1249","page","type-page","status-publish","hentry"],"yoast_head":"<!-- This site is optimized with the Yoast SEO plugin v25.3 - https:\/\/yoast.com\/wordpress\/plugins\/seo\/ -->\n<title>Politiques de confidentialit\u00e9s - Food Compta<\/title>\n<meta name=\"robots\" content=\"noindex, follow, max-snippet:-1, max-image-preview:large, max-video-preview:-1\" \/>\n<meta property=\"og:locale\" content=\"fr_FR\" \/>\n<meta property=\"og:type\" content=\"article\" \/>\n<meta property=\"og:title\" content=\"Politiques de confidentialit\u00e9s - Food Compta\" \/>\n<meta property=\"og:description\" content=\"Politique de confidentialit\u00e9 Accueil Politique de confidentialit\u00e9 Politique de confidentialit\u00e9 Introduction Food Compta SRL (ci-apr\u00e8s \u00ab nous \u00bb, \u00ab notre \u00bb ou \u00ab nos \u00bb) attache une grande importance \u00e0 la protection de votre vie priv\u00e9e.La pr\u00e9sente politique de confidentialit\u00e9 vous informe sur la mani\u00e8re dont nous collectons, utilisons et prot\u00e9geons vos donn\u00e9es personnelles lorsque [&hellip;]\" \/>\n<meta property=\"og:url\" content=\"https:\/\/ergoproduit.com\/?page_id=1249\" \/>\n<meta property=\"og:site_name\" content=\"Food Compta\" \/>\n<meta property=\"article:publisher\" content=\"https:\/\/www.facebook.com\/FoodCompta\" \/>\n<meta property=\"article:modified_time\" content=\"2025-06-01T13:31:12+00:00\" \/>\n<meta name=\"twitter:card\" content=\"summary_large_image\" \/>\n<meta name=\"twitter:label1\" content=\"Dur\u00e9e de lecture estim\u00e9e\" \/>\n\t<meta name=\"twitter:data1\" content=\"2 minutes\" \/>\n<script type=\"application\/ld+json\" class=\"yoast-schema-graph\">{\"@context\":\"https:\/\/schema.org\",\"@graph\":[{\"@type\":\"WebPage\",\"@id\":\"https:\/\/ergoproduit.com\/?page_id=1249\",\"url\":\"https:\/\/ergoproduit.com\/?page_id=1249\",\"name\":\"Politiques de confidentialit\u00e9s - Food Compta\",\"isPartOf\":{\"@id\":\"https:\/\/ergoproduit.com\/#website\"},\"datePublished\":\"2025-06-01T13:27:05+00:00\",\"dateModified\":\"2025-06-01T13:31:12+00:00\",\"breadcrumb\":{\"@id\":\"https:\/\/ergoproduit.com\/?page_id=1249#breadcrumb\"},\"inLanguage\":\"fr-FR\",\"potentialAction\":[{\"@type\":\"ReadAction\",\"target\":[\"https:\/\/ergoproduit.com\/?page_id=1249\"]}]},{\"@type\":\"BreadcrumbList\",\"@id\":\"https:\/\/ergoproduit.com\/?page_id=1249#breadcrumb\",\"itemListElement\":[{\"@type\":\"ListItem\",\"position\":1,\"name\":\"Accueil\",\"item\":\"https:\/\/ergoproduit.com\/\"},{\"@type\":\"ListItem\",\"position\":2,\"name\":\"Politiques de confidentialit\u00e9s\"}]},{\"@type\":\"WebSite\",\"@id\":\"https:\/\/ergoproduit.com\/#website\",\"url\":\"https:\/\/ergoproduit.com\/\",\"name\":\"Food Compta\",\"description\":\"La comptabilit\u00e9 pens\u00e9e l&#039;horeca\",\"publisher\":{\"@id\":\"https:\/\/ergoproduit.com\/#organization\"},\"potentialAction\":[{\"@type\":\"SearchAction\",\"target\":{\"@type\":\"EntryPoint\",\"urlTemplate\":\"https:\/\/ergoproduit.com\/?s={search_term_string}\"},\"query-input\":{\"@type\":\"PropertyValueSpecification\",\"valueRequired\":true,\"valueName\":\"search_term_string\"}}],\"inLanguage\":\"fr-FR\"},{\"@type\":\"Organization\",\"@id\":\"https:\/\/ergoproduit.com\/#organization\",\"name\":\"Food Compta\",\"url\":\"https:\/\/ergoproduit.com\/\",\"logo\":{\"@type\":\"ImageObject\",\"inLanguage\":\"fr-FR\",\"@id\":\"https:\/\/ergoproduit.com\/#\/schema\/logo\/image\/\",\"url\":\"https:\/\/ergoproduit.com\/wp-content\/uploads\/2025\/05\/cropped-Logo-4.png\",\"contentUrl\":\"https:\/\/ergoproduit.com\/wp-content\/uploads\/2025\/05\/cropped-Logo-4.png\",\"width\":839,\"height\":374,\"caption\":\"Food Compta\"},\"image\":{\"@id\":\"https:\/\/ergoproduit.com\/#\/schema\/logo\/image\/\"},\"sameAs\":[\"https:\/\/www.facebook.com\/FoodCompta\",\"https:\/\/www.linkedin.com\/company\/food-compta\/\"]}]}<\/script>\n<!-- \/ Yoast SEO plugin. -->","yoast_head_json":{"title":"Politiques de confidentialit\u00e9s - Food Compta","robots":{"index":"noindex","follow":"follow","max-snippet":"max-snippet:-1","max-image-preview":"max-image-preview:large","max-video-preview":"max-video-preview:-1"},"og_locale":"fr_FR","og_type":"article","og_title":"Politiques de confidentialit\u00e9s - Food Compta","og_description":"Politique de confidentialit\u00e9 Accueil Politique de confidentialit\u00e9 Politique de confidentialit\u00e9 Introduction Food Compta SRL (ci-apr\u00e8s \u00ab nous \u00bb, \u00ab notre \u00bb ou \u00ab nos \u00bb) attache une grande importance \u00e0 la protection de votre vie priv\u00e9e.La pr\u00e9sente politique de confidentialit\u00e9 vous informe sur la mani\u00e8re dont nous collectons, utilisons et prot\u00e9geons vos donn\u00e9es personnelles lorsque [&hellip;]","og_url":"https:\/\/ergoproduit.com\/?page_id=1249","og_site_name":"Food Compta","article_publisher":"https:\/\/www.facebook.com\/FoodCompta","article_modified_time":"2025-06-01T13:31:12+00:00","twitter_card":"summary_large_image","twitter_misc":{"Dur\u00e9e de lecture estim\u00e9e":"2 minutes"},"schema":{"@context":"https:\/\/schema.org","@graph":[{"@type":"WebPage","@id":"https:\/\/ergoproduit.com\/?page_id=1249","url":"https:\/\/ergoproduit.com\/?page_id=1249","name":"Politiques de confidentialit\u00e9s - Food Compta","isPartOf":{"@id":"https:\/\/ergoproduit.com\/#website"},"datePublished":"2025-06-01T13:27:05+00:00","dateModified":"2025-06-01T13:31:12+00:00","breadcrumb":{"@id":"https:\/\/ergoproduit.com\/?page_id=1249#breadcrumb"},"inLanguage":"fr-FR","potentialAction":[{"@type":"ReadAction","target":["https:\/\/ergoproduit.com\/?page_id=1249"]}]},{"@type":"BreadcrumbList","@id":"https:\/\/ergoproduit.com\/?page_id=1249#breadcrumb","itemListElement":[{"@type":"ListItem","position":1,"name":"Accueil","item":"https:\/\/ergoproduit.com\/"},{"@type":"ListItem","position":2,"name":"Politiques de confidentialit\u00e9s"}]},{"@type":"WebSite","@id":"https:\/\/ergoproduit.com\/#website","url":"https:\/\/ergoproduit.com\/","name":"Food Compta","description":"La comptabilit\u00e9 pens\u00e9e l&#039;horeca","publisher":{"@id":"https:\/\/ergoproduit.com\/#organization"},"potentialAction":[{"@type":"SearchAction","target":{"@type":"EntryPoint","urlTemplate":"https:\/\/ergoproduit.com\/?s={search_term_string}"},"query-input":{"@type":"PropertyValueSpecification","valueRequired":true,"valueName":"search_term_string"}}],"inLanguage":"fr-FR"},{"@type":"Organization","@id":"https:\/\/ergoproduit.com\/#organization","name":"Food Compta","url":"https:\/\/ergoproduit.com\/","logo":{"@type":"ImageObject","inLanguage":"fr-FR","@id":"https:\/\/ergoproduit.com\/#\/schema\/logo\/image\/","url":"https:\/\/ergoproduit.com\/wp-content\/uploads\/2025\/05\/cropped-Logo-4.png","contentUrl":"https:\/\/ergoproduit.com\/wp-content\/uploads\/2025\/05\/cropped-Logo-4.png","width":839,"height":374,"caption":"Food Compta"},"image":{"@id":"https:\/\/ergoproduit.com\/#\/schema\/logo\/image\/"},"sameAs":["https:\/\/www.facebook.com\/FoodCompta","https:\/\/www.linkedin.com\/company\/food-compta\/"]}]}},"_links":{"self":[{"href":"https:\/\/ergoproduit.com\/index.php?rest_route=\/wp\/v2\/pages\/1249","targetHints":{"allow":["GET"]}}],"collection":[{"href":"https:\/\/ergoproduit.com\/index.php?rest_route=\/wp\/v2\/pages"}],"about":[{"href":"https:\/\/ergoproduit.com\/index.php?rest_route=\/wp\/v2\/types\/page"}],"author":[{"embeddable":true,"href":"https:\/\/ergoproduit.com\/index.php?rest_route=\/wp\/v2\/users\/3"}],"replies":[{"embeddable":true,"href":"https:\/\/ergoproduit.com\/index.php?rest_route=%2Fwp%2Fv2%2Fcomments&post=1249"}],"version-history":[{"count":4,"href":"https:\/\/ergoproduit.com\/index.php?rest_route=\/wp\/v2\/pages\/1249\/revisions"}],"predecessor-version":[{"id":1253,"href":"https:\/\/ergoproduit.com\/index.php?rest_route=\/wp\/v2\/pages\/1249\/revisions\/1253"}],"wp:attachment":[{"href":"https:\/\/ergoproduit.com\/index.php?rest_route=%2Fwp%2Fv2%2Fmedia&parent=1249"}],"curies":[{"name":"wp","href":"https:\/\/api.w.org\/{rel}","templated":true}]}}