{"id":1238,"date":"2025-06-01T15:19:44","date_gmt":"2025-06-01T13:19:44","guid":{"rendered":"https:\/\/ergoproduit.com\/?page_id=1238"},"modified":"2025-06-01T15:26:28","modified_gmt":"2025-06-01T13:26:28","slug":"conditions-dutilisations","status":"publish","type":"page","link":"https:\/\/ergoproduit.com\/?page_id=1238","title":{"rendered":"Conditions d&rsquo;utilisations"},"content":{"rendered":"\t\t<div data-elementor-type=\"wp-page\" data-elementor-id=\"1238\" class=\"elementor elementor-1238\" data-elementor-post-type=\"page\">\n\t\t\t\t<div class=\"elementor-element elementor-element-1d1fb5fa e-flex e-con-boxed e-con e-parent\" data-id=\"1d1fb5fa\" data-element_type=\"container\" data-e-type=\"container\" data-settings=\"{&quot;background_background&quot;:&quot;classic&quot;}\">\n\t\t\t\t\t<div class=\"e-con-inner\">\n\t\t<div class=\"elementor-element elementor-element-752995f6 e-con-full e-flex e-con e-child\" data-id=\"752995f6\" data-element_type=\"container\" data-e-type=\"container\">\n\t\t<div class=\"elementor-element elementor-element-78eb7200 e-con-full e-flex e-con e-child\" data-id=\"78eb7200\" data-element_type=\"container\" data-e-type=\"container\">\n\t\t<div class=\"elementor-element elementor-element-11e6e299 e-con-full e-flex e-con e-child\" data-id=\"11e6e299\" data-element_type=\"container\" data-e-type=\"container\">\n\t\t\t\t<div class=\"elementor-element elementor-element-50b25f8a elementor-invisible elementor-widget elementor-widget-heading\" data-id=\"50b25f8a\" data-element_type=\"widget\" data-e-type=\"widget\" data-settings=\"{&quot;_animation&quot;:&quot;fadeInDown&quot;}\" data-widget_type=\"heading.default\">\n\t\t\t\t<div class=\"elementor-widget-container\">\n\t\t\t\t\t<h1 class=\"elementor-heading-title elementor-size-default\">Conditions d\u2019utilisation<\/h1>\t\t\t\t<\/div>\n\t\t\t\t<\/div>\n\t\t\t\t<div class=\"elementor-element elementor-element-481f8e3b elementor-widget-divider--view-line elementor-widget elementor-widget-divider\" data-id=\"481f8e3b\" data-element_type=\"widget\" data-e-type=\"widget\" data-widget_type=\"divider.default\">\n\t\t\t\t<div class=\"elementor-widget-container\">\n\t\t\t\t\t\t\t<div class=\"elementor-divider\">\n\t\t\t<span class=\"elementor-divider-separator\">\n\t\t\t\t\t\t<\/span>\n\t\t<\/div>\n\t\t\t\t\t\t<\/div>\n\t\t\t\t<\/div>\n\t\t\t\t<div class=\"elementor-element elementor-element-65de31ce elementor-icon-list--layout-inline elementor-align-start elementor-list-item-link-full_width elementor-invisible elementor-widget elementor-widget-icon-list\" data-id=\"65de31ce\" data-element_type=\"widget\" data-e-type=\"widget\" data-settings=\"{&quot;_animation&quot;:&quot;fadeInRight&quot;}\" data-widget_type=\"icon-list.default\">\n\t\t\t\t<div class=\"elementor-widget-container\">\n\t\t\t\t\t\t\t<ul class=\"elementor-icon-list-items elementor-inline-items\">\n\t\t\t\t\t\t\t<li class=\"elementor-icon-list-item elementor-inline-item\">\n\t\t\t\t\t\t\t\t\t\t\t<a href=\"https:\/\/ergoproduit.com\">\n\n\t\t\t\t\t\t\t\t\t\t\t<span class=\"elementor-icon-list-text\">Accueil<\/span>\n\t\t\t\t\t\t\t\t\t\t\t<\/a>\n\t\t\t\t\t\t\t\t\t<\/li>\n\t\t\t\t\t\t\t\t<li class=\"elementor-icon-list-item elementor-inline-item\">\n\t\t\t\t\t\t\t\t\t\t\t<a href=\"#\">\n\n\t\t\t\t\t\t\t\t\t\t\t\t<span class=\"elementor-icon-list-icon\">\n\t\t\t\t\t\t\t<i aria-hidden=\"true\" class=\"mdi mdi-slash-forward\"><\/i>\t\t\t\t\t\t<\/span>\n\t\t\t\t\t\t\t\t\t\t<span class=\"elementor-icon-list-text\"> Conditions d\u2019utilisation<\/span>\n\t\t\t\t\t\t\t\t\t\t\t<\/a>\n\t\t\t\t\t\t\t\t\t<\/li>\n\t\t\t\t\t\t<\/ul>\n\t\t\t\t\t\t<\/div>\n\t\t\t\t<\/div>\n\t\t\t\t<\/div>\n\t\t\t\t<\/div>\n\t\t\t\t<\/div>\n\t\t\t\t\t<\/div>\n\t\t\t\t<\/div>\n\t\t<div class=\"elementor-element elementor-element-90ecacb e-flex e-con-boxed e-con e-parent\" data-id=\"90ecacb\" data-element_type=\"container\" data-e-type=\"container\">\n\t\t\t\t\t<div class=\"e-con-inner\">\n\t\t<div class=\"elementor-element elementor-element-64c952ef e-con-full e-flex e-con e-child\" data-id=\"64c952ef\" data-element_type=\"container\" data-e-type=\"container\">\n\t\t\t\t<div class=\"elementor-element elementor-element-4c99780c elementor-widget elementor-widget-heading\" data-id=\"4c99780c\" data-element_type=\"widget\" data-e-type=\"widget\" data-widget_type=\"heading.default\">\n\t\t\t\t<div class=\"elementor-widget-container\">\n\t\t\t\t\t<h2 class=\"elementor-heading-title elementor-size-default\">Conditions d\u2019utilisation<\/h2>\t\t\t\t<\/div>\n\t\t\t\t<\/div>\n\t\t\t\t<div class=\"elementor-element elementor-element-4bdac48b elementor-widget-divider--view-line elementor-widget elementor-widget-divider\" data-id=\"4bdac48b\" data-element_type=\"widget\" data-e-type=\"widget\" data-widget_type=\"divider.default\">\n\t\t\t\t<div class=\"elementor-widget-container\">\n\t\t\t\t\t\t\t<div class=\"elementor-divider\">\n\t\t\t<span class=\"elementor-divider-separator\">\n\t\t\t\t\t\t<\/span>\n\t\t<\/div>\n\t\t\t\t\t\t<\/div>\n\t\t\t\t<\/div>\n\t\t\t\t<div class=\"elementor-element elementor-element-3198ab22 elementor-widget elementor-widget-text-editor\" data-id=\"3198ab22\" data-element_type=\"widget\" data-e-type=\"widget\" data-widget_type=\"text-editor.default\">\n\t\t\t\t<div class=\"elementor-widget-container\">\n\t\t\t\t\t\t\t\t\t<h3 class=\"\" data-start=\"224\" data-end=\"257\">1. Acceptation des conditions<\/h3><p class=\"\" data-start=\"259\" data-end=\"540\">En acc\u00e9dant au site <a class=\"\" href=\"https:\/\/www.connectandco.be\" target=\"_new\" rel=\"noopener\" data-start=\"279\" data-end=\"329\">www.foodcompta.be<\/a> (ci-apr\u00e8s le \u00ab Site \u00bb), vous acceptez de vous conformer aux pr\u00e9sentes conditions g\u00e9n\u00e9rales d\u2019utilisation (ci-apr\u00e8s les \u00ab Conditions \u00bb).<br data-start=\"465\" data-end=\"468\" \/>Si vous n\u2019acceptez pas ces Conditions, veuillez ne pas utiliser le Site.<\/p><hr class=\"\" data-start=\"542\" data-end=\"545\" \/><h3 class=\"\" data-start=\"547\" data-end=\"573\">2. Utilisation du Site<\/h3><p class=\"\" data-start=\"575\" data-end=\"929\">Le Site a pour but de pr\u00e9senter les services, contenus informatifs et outils propos\u00e9s par <strong>Food Compta<\/strong>\u00a0<strong data-start=\"665\" data-end=\"685\">SRL<\/strong>.<br data-start=\"686\" data-end=\"689\" \/>Vous vous engagez \u00e0 utiliser le Site uniquement \u00e0 des fins l\u00e9gales, personnelles et non commerciales.<br data-start=\"790\" data-end=\"793\" \/>Toute utilisation du Site susceptible de porter atteinte \u00e0 son bon fonctionnement ou \u00e0 l\u2019exp\u00e9rience d\u2019autres utilisateurs est interdite.<\/p><hr class=\"\" data-start=\"931\" data-end=\"934\" \/><h3 class=\"\" data-start=\"936\" data-end=\"967\">3. Propri\u00e9t\u00e9 intellectuelle<\/h3><p class=\"\" data-start=\"969\" data-end=\"1265\">Le contenu du Site, y compris (sans s\u2019y limiter) : textes, images, vid\u00e9os, logos, ic\u00f4nes, \u00e9l\u00e9ments graphiques ou documents t\u00e9l\u00e9chargeables, est prot\u00e9g\u00e9 par la l\u00e9gislation sur la propri\u00e9t\u00e9 intellectuelle.<br data-start=\"1172\" data-end=\"1175\" \/>Il est la propri\u00e9t\u00e9 de <strong data-start=\"1198\" data-end=\"1218\">Food Compta SRL<\/strong> ou de ses partenaires, sauf mention contraire.<\/p><p class=\"\" data-start=\"1267\" data-end=\"1384\">Toute reproduction, distribution ou modification non autoris\u00e9e est strictement interdite sans accord \u00e9crit pr\u00e9alable.<\/p><hr class=\"\" data-start=\"1386\" data-end=\"1389\" \/><h3 class=\"\" data-start=\"1391\" data-end=\"1426\">4. Limitation de responsabilit\u00e9<\/h3><p class=\"\" data-start=\"1428\" data-end=\"1580\"><strong data-start=\"1428\" data-end=\"1444\">Food Compta<\/strong>\u00a0s\u2019efforce de fournir des informations fiables et \u00e0 jour. Cependant, nous ne garantissons pas l\u2019exactitude ou l\u2019exhaustivit\u00e9 du contenu.<\/p><p class=\"\" data-start=\"1582\" data-end=\"1785\">L&rsquo;utilisation du Site se fait \u00e0 vos propres risques. <strong data-start=\"1635\" data-end=\"1651\">Food Compta<\/strong> d\u00e9cline toute responsabilit\u00e9 en cas de dommages directs ou indirects li\u00e9s \u00e0 l\u2019utilisation du Site ou \u00e0 l\u2019indisponibilit\u00e9 de celui-ci.<\/p><hr class=\"\" data-start=\"1787\" data-end=\"1790\" \/><h3 class=\"\" data-start=\"1792\" data-end=\"1813\">5. Liens externes<\/h3><p class=\"\" data-start=\"1815\" data-end=\"2077\">Le Site peut contenir des liens vers des sites tiers. <strong data-start=\"1869\" data-end=\"1885\">Food Compta<\/strong> n\u2019exerce aucun contr\u00f4le sur ces sites et d\u00e9cline toute responsabilit\u00e9 quant \u00e0 leur contenu ou leur fonctionnement.<br data-start=\"2000\" data-end=\"2003\" \/>La pr\u00e9sence de ces liens ne constitue pas une approbation de leur contenu.<\/p><hr class=\"\" data-start=\"2079\" data-end=\"2082\" \/><h3 class=\"\" data-start=\"2084\" data-end=\"2119\">6. Modifications des conditions<\/h3><p class=\"\" data-start=\"2121\" data-end=\"2384\"><strong data-start=\"2121\" data-end=\"2137\">Food Compta<\/strong>\u00a0se r\u00e9serve le droit de modifier les pr\u00e9sentes Conditions \u00e0 tout moment, sans pr\u00e9avis.<br data-start=\"2223\" data-end=\"2226\" \/>Nous vous invitons \u00e0 consulter r\u00e9guli\u00e8rement cette page. L\u2019utilisation continue du Site apr\u00e8s une mise \u00e0 jour implique l\u2019acceptation des nouvelles conditions.<\/p><hr class=\"\" data-start=\"2386\" data-end=\"2389\" \/><h3 class=\"\" data-start=\"2391\" data-end=\"2429\">7. Droit applicable et juridiction<\/h3><p class=\"\" data-start=\"2431\" data-end=\"2575\">Les pr\u00e9sentes Conditions sont r\u00e9gies par le <strong data-start=\"2475\" data-end=\"2490\">droit belge<\/strong>.<br data-start=\"2491\" data-end=\"2494\" \/>Tout litige sera soumis \u00e0 la <strong data-start=\"2523\" data-end=\"2574\">comp\u00e9tence exclusive des tribunaux de Bruxelles<\/strong>.<\/p><hr class=\"\" data-start=\"2577\" data-end=\"2580\" \/><h3 class=\"\" data-start=\"2582\" data-end=\"2596\">8. Contact<\/h3><p class=\"\" data-start=\"2598\" data-end=\"2759\">Pour toute question relative aux pr\u00e9sentes Conditions d\u2019utilisation, vous pouvez nous contacter \u00e0 :<br data-start=\"2697\" data-end=\"2700\" \/>\ud83d\udce9 <a rel=\"noopener\">foodcompta.be@gmail.com<\/a>\u00a0<\/p><p class=\"\" data-start=\"2761\" data-end=\"2804\">\ud83d\udcc5 <strong data-start=\"2764\" data-end=\"2804\">Derni\u00e8re mise \u00e0 jour :<\/strong> 30 avril 2025<\/p>\t\t\t\t\t\t\t\t<\/div>\n\t\t\t\t<\/div>\n\t\t\t\t<\/div>\n\t\t\t\t\t<\/div>\n\t\t\t\t<\/div>\n\t\t\t\t<\/div>\n\t\t","protected":false},"excerpt":{"rendered":"<p>Conditions d\u2019utilisation Accueil Conditions d\u2019utilisation Conditions d\u2019utilisation 1. Acceptation des conditions En acc\u00e9dant au site www.foodcompta.be (ci-apr\u00e8s le \u00ab Site \u00bb), vous acceptez de vous conformer aux pr\u00e9sentes conditions g\u00e9n\u00e9rales d\u2019utilisation (ci-apr\u00e8s les \u00ab Conditions \u00bb).Si vous n\u2019acceptez pas ces Conditions, veuillez ne pas utiliser le Site. 2. Utilisation du Site Le Site a pour [&hellip;]<\/p>\n","protected":false},"author":3,"featured_media":0,"parent":0,"menu_order":0,"comment_status":"closed","ping_status":"closed","template":"","meta":{"footnotes":""},"class_list":["post-1238","page","type-page","status-publish","hentry"],"yoast_head":"<!-- This site is optimized with the Yoast SEO plugin v25.3 - https:\/\/yoast.com\/wordpress\/plugins\/seo\/ -->\n<title>Conditions d&#039;utilisations - Food Compta<\/title>\n<meta name=\"robots\" content=\"noindex, follow, max-snippet:-1, max-image-preview:large, max-video-preview:-1\" \/>\n<meta property=\"og:locale\" content=\"fr_FR\" \/>\n<meta property=\"og:type\" content=\"article\" \/>\n<meta property=\"og:title\" content=\"Conditions d&#039;utilisations - Food Compta\" \/>\n<meta property=\"og:description\" content=\"Conditions d\u2019utilisation Accueil Conditions d\u2019utilisation Conditions d\u2019utilisation 1. Acceptation des conditions En acc\u00e9dant au site www.foodcompta.be (ci-apr\u00e8s le \u00ab Site \u00bb), vous acceptez de vous conformer aux pr\u00e9sentes conditions g\u00e9n\u00e9rales d\u2019utilisation (ci-apr\u00e8s les \u00ab Conditions \u00bb).Si vous n\u2019acceptez pas ces Conditions, veuillez ne pas utiliser le Site. 2. Utilisation du Site Le Site a pour [&hellip;]\" \/>\n<meta property=\"og:url\" content=\"https:\/\/ergoproduit.com\/?page_id=1238\" \/>\n<meta property=\"og:site_name\" content=\"Food Compta\" \/>\n<meta property=\"article:publisher\" content=\"https:\/\/www.facebook.com\/FoodCompta\" \/>\n<meta property=\"article:modified_time\" content=\"2025-06-01T13:26:28+00:00\" \/>\n<meta name=\"twitter:card\" content=\"summary_large_image\" \/>\n<meta name=\"twitter:label1\" content=\"Dur\u00e9e de lecture estim\u00e9e\" \/>\n\t<meta name=\"twitter:data1\" content=\"2 minutes\" \/>\n<script type=\"application\/ld+json\" class=\"yoast-schema-graph\">{\"@context\":\"https:\/\/schema.org\",\"@graph\":[{\"@type\":\"WebPage\",\"@id\":\"https:\/\/ergoproduit.com\/?page_id=1238\",\"url\":\"https:\/\/ergoproduit.com\/?page_id=1238\",\"name\":\"Conditions d'utilisations - Food Compta\",\"isPartOf\":{\"@id\":\"https:\/\/ergoproduit.com\/#website\"},\"datePublished\":\"2025-06-01T13:19:44+00:00\",\"dateModified\":\"2025-06-01T13:26:28+00:00\",\"breadcrumb\":{\"@id\":\"https:\/\/ergoproduit.com\/?page_id=1238#breadcrumb\"},\"inLanguage\":\"fr-FR\",\"potentialAction\":[{\"@type\":\"ReadAction\",\"target\":[\"https:\/\/ergoproduit.com\/?page_id=1238\"]}]},{\"@type\":\"BreadcrumbList\",\"@id\":\"https:\/\/ergoproduit.com\/?page_id=1238#breadcrumb\",\"itemListElement\":[{\"@type\":\"ListItem\",\"position\":1,\"name\":\"Accueil\",\"item\":\"https:\/\/ergoproduit.com\/\"},{\"@type\":\"ListItem\",\"position\":2,\"name\":\"Conditions d&rsquo;utilisations\"}]},{\"@type\":\"WebSite\",\"@id\":\"https:\/\/ergoproduit.com\/#website\",\"url\":\"https:\/\/ergoproduit.com\/\",\"name\":\"Food Compta\",\"description\":\"La comptabilit\u00e9 pens\u00e9e l&#039;horeca\",\"publisher\":{\"@id\":\"https:\/\/ergoproduit.com\/#organization\"},\"potentialAction\":[{\"@type\":\"SearchAction\",\"target\":{\"@type\":\"EntryPoint\",\"urlTemplate\":\"https:\/\/ergoproduit.com\/?s={search_term_string}\"},\"query-input\":{\"@type\":\"PropertyValueSpecification\",\"valueRequired\":true,\"valueName\":\"search_term_string\"}}],\"inLanguage\":\"fr-FR\"},{\"@type\":\"Organization\",\"@id\":\"https:\/\/ergoproduit.com\/#organization\",\"name\":\"Food Compta\",\"url\":\"https:\/\/ergoproduit.com\/\",\"logo\":{\"@type\":\"ImageObject\",\"inLanguage\":\"fr-FR\",\"@id\":\"https:\/\/ergoproduit.com\/#\/schema\/logo\/image\/\",\"url\":\"https:\/\/ergoproduit.com\/wp-content\/uploads\/2025\/05\/cropped-Logo-4.png\",\"contentUrl\":\"https:\/\/ergoproduit.com\/wp-content\/uploads\/2025\/05\/cropped-Logo-4.png\",\"width\":839,\"height\":374,\"caption\":\"Food Compta\"},\"image\":{\"@id\":\"https:\/\/ergoproduit.com\/#\/schema\/logo\/image\/\"},\"sameAs\":[\"https:\/\/www.facebook.com\/FoodCompta\",\"https:\/\/www.linkedin.com\/company\/food-compta\/\"]}]}<\/script>\n<!-- \/ Yoast SEO plugin. -->","yoast_head_json":{"title":"Conditions d'utilisations - Food Compta","robots":{"index":"noindex","follow":"follow","max-snippet":"max-snippet:-1","max-image-preview":"max-image-preview:large","max-video-preview":"max-video-preview:-1"},"og_locale":"fr_FR","og_type":"article","og_title":"Conditions d'utilisations - Food Compta","og_description":"Conditions d\u2019utilisation Accueil Conditions d\u2019utilisation Conditions d\u2019utilisation 1. Acceptation des conditions En acc\u00e9dant au site www.foodcompta.be (ci-apr\u00e8s le \u00ab Site \u00bb), vous acceptez de vous conformer aux pr\u00e9sentes conditions g\u00e9n\u00e9rales d\u2019utilisation (ci-apr\u00e8s les \u00ab Conditions \u00bb).Si vous n\u2019acceptez pas ces Conditions, veuillez ne pas utiliser le Site. 2. Utilisation du Site Le Site a pour [&hellip;]","og_url":"https:\/\/ergoproduit.com\/?page_id=1238","og_site_name":"Food Compta","article_publisher":"https:\/\/www.facebook.com\/FoodCompta","article_modified_time":"2025-06-01T13:26:28+00:00","twitter_card":"summary_large_image","twitter_misc":{"Dur\u00e9e de lecture estim\u00e9e":"2 minutes"},"schema":{"@context":"https:\/\/schema.org","@graph":[{"@type":"WebPage","@id":"https:\/\/ergoproduit.com\/?page_id=1238","url":"https:\/\/ergoproduit.com\/?page_id=1238","name":"Conditions d'utilisations - Food Compta","isPartOf":{"@id":"https:\/\/ergoproduit.com\/#website"},"datePublished":"2025-06-01T13:19:44+00:00","dateModified":"2025-06-01T13:26:28+00:00","breadcrumb":{"@id":"https:\/\/ergoproduit.com\/?page_id=1238#breadcrumb"},"inLanguage":"fr-FR","potentialAction":[{"@type":"ReadAction","target":["https:\/\/ergoproduit.com\/?page_id=1238"]}]},{"@type":"BreadcrumbList","@id":"https:\/\/ergoproduit.com\/?page_id=1238#breadcrumb","itemListElement":[{"@type":"ListItem","position":1,"name":"Accueil","item":"https:\/\/ergoproduit.com\/"},{"@type":"ListItem","position":2,"name":"Conditions d&rsquo;utilisations"}]},{"@type":"WebSite","@id":"https:\/\/ergoproduit.com\/#website","url":"https:\/\/ergoproduit.com\/","name":"Food Compta","description":"La comptabilit\u00e9 pens\u00e9e l&#039;horeca","publisher":{"@id":"https:\/\/ergoproduit.com\/#organization"},"potentialAction":[{"@type":"SearchAction","target":{"@type":"EntryPoint","urlTemplate":"https:\/\/ergoproduit.com\/?s={search_term_string}"},"query-input":{"@type":"PropertyValueSpecification","valueRequired":true,"valueName":"search_term_string"}}],"inLanguage":"fr-FR"},{"@type":"Organization","@id":"https:\/\/ergoproduit.com\/#organization","name":"Food Compta","url":"https:\/\/ergoproduit.com\/","logo":{"@type":"ImageObject","inLanguage":"fr-FR","@id":"https:\/\/ergoproduit.com\/#\/schema\/logo\/image\/","url":"https:\/\/ergoproduit.com\/wp-content\/uploads\/2025\/05\/cropped-Logo-4.png","contentUrl":"https:\/\/ergoproduit.com\/wp-content\/uploads\/2025\/05\/cropped-Logo-4.png","width":839,"height":374,"caption":"Food Compta"},"image":{"@id":"https:\/\/ergoproduit.com\/#\/schema\/logo\/image\/"},"sameAs":["https:\/\/www.facebook.com\/FoodCompta","https:\/\/www.linkedin.com\/company\/food-compta\/"]}]}},"_links":{"self":[{"href":"https:\/\/ergoproduit.com\/index.php?rest_route=\/wp\/v2\/pages\/1238","targetHints":{"allow":["GET"]}}],"collection":[{"href":"https:\/\/ergoproduit.com\/index.php?rest_route=\/wp\/v2\/pages"}],"about":[{"href":"https:\/\/ergoproduit.com\/index.php?rest_route=\/wp\/v2\/types\/page"}],"author":[{"embeddable":true,"href":"https:\/\/ergoproduit.com\/index.php?rest_route=\/wp\/v2\/users\/3"}],"replies":[{"embeddable":true,"href":"https:\/\/ergoproduit.com\/index.php?rest_route=%2Fwp%2Fv2%2Fcomments&post=1238"}],"version-history":[{"count":4,"href":"https:\/\/ergoproduit.com\/index.php?rest_route=\/wp\/v2\/pages\/1238\/revisions"}],"predecessor-version":[{"id":1248,"href":"https:\/\/ergoproduit.com\/index.php?rest_route=\/wp\/v2\/pages\/1238\/revisions\/1248"}],"wp:attachment":[{"href":"https:\/\/ergoproduit.com\/index.php?rest_route=%2Fwp%2Fv2%2Fmedia&parent=1238"}],"curies":[{"name":"wp","href":"https:\/\/api.w.org\/{rel}","templated":true}]}}